{"id":56,"date":"2017-03-13T09:36:28","date_gmt":"2017-03-13T09:36:28","guid":{"rendered":"https:\/\/world.opte.website\/?page_id=56"},"modified":"2026-01-09T14:09:10","modified_gmt":"2026-01-09T14:09:10","slug":"work-with-us","status":"publish","type":"page","link":"https:\/\/opte.io\/about\/fr\/work-with-us\/","title":{"rendered":"Travailler avec nous"},"content":{"rendered":"<p>[et_pb_section fb_built=\"1\u2033 custom_padding_last_edited=\"off|desktop\" admin_label=\"Hero\" _builder_version=\"4.18.0\u2033 background_enable_color=\"off\" background_enable_image=\"off\" background_size=\"initial\" background_position=\"bottom_right\" custom_margin=\"||||false|false\" custom_padding=\"5em||5em|true|false\" custom_padding_tablet=\"||||false|false\" custom_padding_phone=\"||||false|false\" animation_direction=\"bottom\" background_last_edited=\"off|phone\" background_enable_image_phone=\"off\" background_size_tablet=\"contain\" background_size_phone=\"contain\" background_horizontal_offset_tablet=\"1%\" background_blend_phone=\"multiply\" custom_css_main_element=\"padding-top :2em !important ;\" border_width_bottom=\"1px\" border_color_bottom=\"#dbdbb\" locked=\"off\" global_colors_info=\"{}\" custom_css_main_element_last_edited=\"off|desktop\"][et_pb_row make_equal=\"on\" custom_padding_last_edited=\"off|desktop\" _builder_version=\"4.18.0\u2033 custom_padding=\"||||false|false\" custom_padding_tablet=\"5em||1.5em||false|false\" custom_padding_phone=\"||||false|false\" use_custom_width=\"on\" custom_width_px=\"1280px\" global_colors_info=\"{}\"][et_pb_column type=\"4_4\u2033 _builder_version=\"4.16\u2033 custom_padding=\"|||\" global_colors_info=\"{}\" custom_padding__hover=\"|||\"][et_pb_text _builder_version=\"4.18.0\u2033 text_font=\"Montserrat|700|||||||\" text_font_size=\"56px\" text_line_height=\"1.1em\" header_font=\"|700|||||||\" header_text_align=\"left\" header_font_size=\"50px\" header_line_height=\"1.1em\" header_2_font=\"|700|||||||\" module_alignment=\"left\" custom_margin=\"||||false|false\" custom_padding_tablet=\"1px|0px|1px|false|false\" custom_padding_phone=\"10px|0px|1px|false|false\" custom_padding_last_edited=\"off|desktop\" text_font_size_tablet=\"32px\" text_font_size_phone=\"32px\" text_font_size_last_edited=\"on|desktop\" header_font_size_tablet=\"48px\" header_font_size_phone=\" header_font_size_last_edited=\"on|desktop\" header_2_font_size_last_edited=\"off|phone\" global_colors_info=\"{}\"]Grande Vision Sans<br \/>\nGreat People is Irrelevant ![\/et_pb_text][et_pb_text ul_type=\"square\" ul_position=\"inside\" ul_position_tablet=\"inside\" ul_position_phone=\"outside\" ul_position_last_edited=\"on|phone\" _builder_version=\"4.18.0\u2033 text_font_size=\"18px\" header_font=\"Muli||||||||\" header_text_align=\"left\" header_font_size=\"18px\" header_2_font=\"||||||||\" header_2_text_color=\"rgba(255,255,255,0.5)\" header_2_font_size=\"41px\" module_alignment=\"left\" custom_padding_tablet=\"1px||0px|1px|false|false\" custom_padding_phone=\"0px||10px|1px|false|false\" custom_padding_last_edited=\"off|desktop\" header_font_size_last_edited=\"off|phone\" header_2_font_size_last_edited=\"off|phone\" global_colors_info=\"{}\"]<\/p>\n<h1>Travailler avec nous chez OPTe<\/h1>\n<p>[\/et_pb_text][\/et_pb_column][\/et_pb_row][et_pb_row column_structure=&#8221;1_2,1_2&#8243; make_equal=&#8221;on&#8221; custom_padding_last_edited=&#8221;off|desktop&#8221; _builder_version=&#8221;4.18.0&#8243; custom_padding=&#8221;||||false|false&#8221; custom_padding_tablet=&#8221;5em||1.5em||false|false&#8221; custom_padding_phone=&#8221;||||false|false&#8221; use_custom_width=&#8221;on&#8221; custom_width_px=&#8221;1280px&#8221; global_colors_info=&#8221;{}&#8221;][et_pb_column type=&#8221;1_2&#8243; _builder_version=&#8221;4.16&#8243; custom_padding=&#8221;|||&#8221; global_colors_info=&#8221;{}&#8221; custom_padding__hover=&#8221;|||&#8221;][et_pb_text _builder_version=&#8221;4.27.4&#8243; text_font=&#8221;||||||||&#8221; header_font=&#8221;|700|||||||&#8221; header_text_align=&#8221;left&#8221; header_font_size=&#8221;50px&#8221; header_line_height=&#8221;1.1em&#8221; header_2_font=&#8221;|700|||||||&#8221; module_alignment=&#8221;left&#8221; custom_margin=&#8221;||||false|false&#8221; custom_padding=&#8221;||0px|||&#8221; custom_padding_tablet=&#8221;1px||0px|1px|false|false&#8221; custom_padding_phone=&#8221;10px||0px|1px|false|false&#8221; custom_padding_last_edited=&#8221;off|desktop&#8221; text_font_size_tablet=&#8221;32px&#8221; text_font_size_phone=&#8221;32px&#8221; text_font_size_last_edited=&#8221;off|desktop&#8221; header_font_size_tablet=&#8221;48px&#8221; header_font_size_phone=&#8221;&#8221; header_font_size_last_edited=&#8221;on|desktop&#8221; header_2_font_size_last_edited=&#8221;off|phone&#8221; locked=&#8221;off&#8221; global_colors_info=&#8221;{}&#8221;]<\/p>\n<p>Nous sommes une \u00e9quipe passionn\u00e9e, dont l'objectif est de construire quelque chose de sp\u00e9cial. Nous sommes hautement qualifi\u00e9s et ouverts \u00e0 l'apprentissage et \u00e0 la croissance. Nous avons une culture d'inclusion, d'ouverture et de leadership.<\/p>\n<p>Nous d\u00e9veloppons un projet technologique \u00e0 grande \u00e9chelle. Si vous voulez participer \u00e0 quelque chose de grand, venez rejoindre notre \u00e9quipe internationale et passionnante.<\/p>\n<p>Nous offrons des salaires comp\u00e9titifs \u00e0 l'\u00e9chelle internationale, nous avons une excellente culture et nous travaillons avec les meilleurs.<\/p>\n<p>[\/et_pb_text][et_pb_text _builder_version=&#8221;4.27.4&#8243; link_font=&#8221;|700|||on||||&#8221; header_font=&#8221;|on|||&#8221; header_2_font=&#8221;|700|||||||&#8221; header_2_text_color=&#8221;#0970B3&#8243; header_2_font_size=&#8221;20px&#8221; header_3_font=&#8221;|600|||||||&#8221; header_3_text_align=&#8221;left&#8221; header_3_font_size=&#8221;18px&#8221; background_enable_color=&#8221;off&#8221; background_size=&#8221;initial&#8221; background_position=&#8221;top_left&#8221; background_repeat=&#8221;repeat&#8221; module_alignment=&#8221;center&#8221; custom_margin=&#8221;||7px||false|false&#8221; custom_padding=&#8221;||3px||false|false&#8221; z_index_tablet=&#8221;500&#8243; header_text_shadow_horizontal_length_tablet=&#8221;0px&#8221; header_text_shadow_vertical_length_tablet=&#8221;0px&#8221; header_text_shadow_blur_strength_tablet=&#8221;1px&#8221; header_2_text_shadow_horizontal_length_tablet=&#8221;0px&#8221; header_2_text_shadow_vertical_length_tablet=&#8221;0px&#8221; header_2_text_shadow_blur_strength_tablet=&#8221;1px&#8221; header_3_text_shadow_horizontal_length_tablet=&#8221;0px&#8221; header_3_text_shadow_vertical_length_tablet=&#8221;0px&#8221; header_3_text_shadow_blur_strength_tablet=&#8221;1px&#8221; header_4_text_shadow_horizontal_length_tablet=&#8221;0px&#8221; header_4_text_shadow_vertical_length_tablet=&#8221;0px&#8221; header_4_text_shadow_blur_strength_tablet=&#8221;1px&#8221; header_5_text_shadow_horizontal_length_tablet=&#8221;0px&#8221; header_5_text_shadow_vertical_length_tablet=&#8221;0px&#8221; header_5_text_shadow_blur_strength_tablet=&#8221;1px&#8221; header_6_text_shadow_horizontal_length_tablet=&#8221;0px&#8221; header_6_text_shadow_vertical_length_tablet=&#8221;0px&#8221; header_6_text_shadow_blur_strength_tablet=&#8221;1px&#8221; border_color_bottom=&#8221;#f2f2f2&#8243; border_style_bottom=&#8221;inset&#8221; box_shadow_horizontal_tablet=&#8221;0px&#8221; box_shadow_vertical_tablet=&#8221;0px&#8221; box_shadow_blur_tablet=&#8221;40px&#8221; box_shadow_spread_tablet=&#8221;0px&#8221; global_colors_info=&#8221;{}&#8221;]<\/p>\n<p><strong>COMMENT NOUS TRAVAILLONS -<\/strong> We\u2019re spread out all over the world as a distributed company. Because of the geographic variance, we\u2019re active 24\/7. We care about the work you produce, not just the hours you put in.<\/p>\n<p>[\/et_pb_text][\/et_pb_column][et_pb_column type=&#8221;1_2&#8243; _builder_version=&#8221;4.16&#8243; custom_padding=&#8221;|||&#8221; global_colors_info=&#8221;{}&#8221; custom_padding__hover=&#8221;|||&#8221;][et_pb_image src=&#8221;http:\/\/opte.io\/about\/wp-content\/uploads\/sites\/3158\/2026\/01\/Gemini_Generated_Image_1ydxs1ydxs1ydxs1.png&#8221; _builder_version=&#8221;4.27.4&#8243; _module_preset=&#8221;default&#8221; max_height=&#8221;360px&#8221; global_colors_info=&#8221;{}&#8221;][\/et_pb_image][\/et_pb_column][\/et_pb_row][et_pb_row make_equal=&#8221;on&#8221; custom_padding_last_edited=&#8221;off|desktop&#8221; disabled_on=&#8221;off|off|off&#8221; _builder_version=&#8221;4.21.0&#8243; custom_padding=&#8221;||||false|false&#8221; custom_padding_tablet=&#8221;5em||1.5em||false|false&#8221; custom_padding_phone=&#8221;||||false|false&#8221; border_width_bottom=&#8221;1px&#8221; border_color_bottom=&#8221;#dbdbdb&#8221; use_custom_width=&#8221;on&#8221; custom_width_px=&#8221;1280px&#8221; global_colors_info=&#8221;{}&#8221;][et_pb_column type=&#8221;4_4&#8243; _builder_version=&#8221;4.16&#8243; custom_padding=&#8221;|||&#8221; global_colors_info=&#8221;{}&#8221; custom_padding__hover=&#8221;|||&#8221;][et_pb_text _builder_version=&#8221;4.27.4&#8243; text_font=&#8221;Montserrat|700|||||||&#8221; text_font_size=&#8221;28px&#8221; text_line_height=&#8221;1.1em&#8221; header_font=&#8221;|700|||||||&#8221; header_text_align=&#8221;left&#8221; header_2_font=&#8221;|700|||||||&#8221; header_2_line_height=&#8221;1.2em&#8221; module_alignment=&#8221;left&#8221; custom_margin=&#8221;||||false|false&#8221; custom_padding_tablet=&#8221;1px||0px|1px|false|false&#8221; custom_padding_phone=&#8221;10px||0px|1px|false|false&#8221; custom_padding_last_edited=&#8221;off|desktop&#8221; text_font_size_tablet=&#8221;32px&#8221; text_font_size_phone=&#8221;32px&#8221; text_font_size_last_edited=&#8221;on|desktop&#8221; header_font_size_last_edited=&#8221;off|desktop&#8221; header_2_font_size_last_edited=&#8221;off|phone&#8221; global_colors_info=&#8221;{}&#8221;]<\/p>\n<h2>Int\u00e9ress\u00e9(e) par l'adh\u00e9sion \u00e0 OPTe ? Faites-le nous savoir...<\/h2>\n<p>[\/et_pb_text][\/et_pb_column][\/et_pb_row][et_pb_row column_structure=&#8221;2_5,3_5&#8243; use_custom_gutter=&#8221;on&#8221; make_equal=&#8221;on&#8221; _builder_version=&#8221;4.27.4&#8243; custom_padding=&#8221;||||false|false&#8221; use_custom_width=&#8221;on&#8221; custom_width_px=&#8221;1280px&#8221; global_colors_info=&#8221;{}&#8221;][et_pb_column type=&#8221;2_5&#8243; _builder_version=&#8221;4.16&#8243; custom_padding=&#8221;|||&#8221; global_colors_info=&#8221;{}&#8221; custom_padding__hover=&#8221;|||&#8221;][et_pb_text _builder_version=&#8221;4.22.2&#8243; link_font=&#8221;|700|||on||||&#8221; link_text_color=&#8221;#000000&#8243; link_line_height=&#8221;2em&#8221; header_font=&#8221;|on|||&#8221; header_2_font=&#8221;|700|||||||&#8221; header_2_text_color=&#8221;#000000&#8243; header_2_font_size=&#8221;20px&#8221; header_3_font=&#8221;|600|||||||&#8221; header_3_text_align=&#8221;left&#8221; header_3_font_size=&#8221;18px&#8221; background_enable_color=&#8221;off&#8221; background_size=&#8221;initial&#8221; background_position=&#8221;top_left&#8221; background_repeat=&#8221;repeat&#8221; module_alignment=&#8221;center&#8221; custom_margin=&#8221;||7px||false|false&#8221; custom_padding=&#8221;||3px||false|false&#8221; z_index_tablet=&#8221;500&#8243; border_color_bottom=&#8221;#f2f2f2&#8243; border_style_bottom=&#8221;inset&#8221; locked=&#8221;off&#8221; global_colors_info=&#8221;{}&#8221;]<strong>CE QUE NOUS RECHERCHONS ? -<\/strong> Team players who embody our core values of transparency, positivity, leadership and impact. Self-motivated creative thinkers who enjoy collaborating, embrace change, and drive results. Authentic lifelong learners comfortable with autonomy yet excited to contribute in a friendly, cooperative environment. Driven to go beyond themselves and make a difference through great ideas that drive impact and uphold our inclusive, transparent culture.[\/et_pb_text][et_pb_text disabled_on=&#8221;on|on|on&#8221; _builder_version=&#8221;4.18.0&#8243; link_font=&#8221;|700|||on||||&#8221; header_font=&#8221;|on|||&#8221; header_2_font=&#8221;|700|||||||&#8221; header_2_text_color=&#8221;#f04e23&#8243; header_2_font_size=&#8221;20px&#8221; header_3_font=&#8221;|600|||||||&#8221; header_3_text_align=&#8221;left&#8221; header_3_font_size=&#8221;18px&#8221; background_enable_color=&#8221;off&#8221; background_size=&#8221;initial&#8221; background_position=&#8221;top_left&#8221; background_repeat=&#8221;repeat&#8221; module_alignment=&#8221;center&#8221; custom_margin=&#8221;||7px||false|false&#8221; custom_padding=&#8221;||3px||false|false&#8221; z_index_tablet=&#8221;500&#8243; border_color_bottom=&#8221;#f2f2f2&#8243; border_style_bottom=&#8221;inset&#8221; disabled=&#8221;on&#8221; global_colors_info=&#8221;{}&#8221;]<strong>L'EMBARQUEMENT -<\/strong> When you make it past the interview stage we\u2019ll do a project together on contract, typically lasting between two to six weeks depending on how much time you can spend, to see how we work together.[\/et_pb_text][\/et_pb_column][et_pb_column type=&#8221;3_5&#8243; _builder_version=&#8221;4.16&#8243; custom_padding=&#8221;|||&#8221; global_colors_info=&#8221;{}&#8221; custom_padding__hover=&#8221;|||&#8221;][et_pb_dpblog_portfolio include_categories=&#8221;6&#8243; show_thumbnail=&#8221;off&#8221; show_categories=&#8221;off&#8221; show_excerpt=&#8221;on&#8221; show_custom_content=&#8221;on&#8221; show_pagination=&#8221;off&#8221; _builder_version=&#8221;4.27.4&#8243; _module_preset=&#8221;default&#8221; title_font_size=&#8221;16px&#8221; excerpt_font_size=&#8221;15px&#8221; custom_padding=&#8221;||||false|false&#8221; custom_css_portfolio_excerpt=&#8221;padding-bottom:.5em;&#8221; border_color_all=&#8221;#c1c1c1&#8243; border_width_bottom=&#8221;1px&#8221; border_color_bottom=&#8221;rgba(0,0,0,0.2)&#8221; global_colors_info=&#8221;{}&#8221;][\/et_pb_dpblog_portfolio][\/et_pb_column][\/et_pb_row][\/et_pb_section]<\/p>","protected":false},"excerpt":{"rendered":"<p>Une grande vision sans de grands collaborateurs n'est pas pertinente ! Travaillez avec nous chez OPTeNous sommes une \u00e9quipe passionn\u00e9e, dont l'objectif est de construire quelque chose de sp\u00e9cial. Nous sommes hautement qualifi\u00e9s et ouverts \u00e0 l'apprentissage et \u00e0 la croissance. Nous avons une culture d'inclusion, d'ouverture et de leadership. Nous d\u00e9veloppons un projet technologique de grande envergure. Si vous voulez faire partie de quelque chose [...]<\/p>","protected":false},"author":1,"featured_media":0,"parent":0,"menu_order":0,"comment_status":"closed","ping_status":"closed","template":"","meta":{"_et_pb_use_builder":"on","_et_pb_old_content":"","_et_gb_content_width":"","footnotes":""},"class_list":["post-56","page","type-page","status-publish","hentry"],"yoast_head":"<!-- This site is optimized with the Yoast SEO Premium plugin v25.0 (Yoast SEO v25.1) - https:\/\/yoast.com\/wordpress\/plugins\/seo\/ -->\n<title>Work With Us &#8212; OPTe Inc<\/title>\n<meta name=\"description\" content=\"We\u2019re spread out all over the world as a semi-distributed company. Most members work from our team locations in Southeast Asia (KH,VT,TH,RP). Join Us\" \/>\n<meta name=\"robots\" content=\"index, follow, max-snippet:-1, max-image-preview:large, max-video-preview:-1\" \/>\n<link rel=\"canonical\" href=\"https:\/\/opte.io\/about\/fr\/work-with-us\/\" \/>\n<meta property=\"og:locale\" content=\"fr_FR\" \/>\n<meta property=\"og:type\" content=\"article\" \/>\n<meta property=\"og:title\" content=\"Work With Us &#8212; OPTe Inc\" \/>\n<meta property=\"og:description\" content=\"We\u2019re spread out all over the world as a semi-distributed company. Most members work from our team locations in Southeast Asia (KH,VT,TH,RP). Join Us\" \/>\n<meta property=\"og:url\" content=\"https:\/\/opte.io\/about\/fr\/work-with-us\/\" \/>\n<meta property=\"og:site_name\" content=\"OPTe\" \/>\n<meta property=\"article:publisher\" content=\"https:\/\/web.facebook.com\/OPTe.Inc\" \/>\n<meta property=\"article:modified_time\" content=\"2026-01-09T14:09:10+00:00\" \/>\n<meta property=\"og:image\" content=\"https:\/\/opte.io\/about\/wp-content\/uploads\/sites\/3158\/2024\/06\/cropped-OPTe_icon_512.png\" \/>\n\t<meta property=\"og:image:width\" content=\"512\" \/>\n\t<meta property=\"og:image:height\" content=\"512\" \/>\n\t<meta property=\"og:image:type\" content=\"image\/png\" \/>\n<meta name=\"twitter:card\" content=\"summary_large_image\" \/>\n<meta name=\"twitter:site\" content=\"@_OPTe\" \/>\n<script type=\"application\/ld+json\" class=\"yoast-schema-graph\">{\"@context\":\"https:\/\/schema.org\",\"@graph\":[{\"@type\":\"WebPage\",\"@id\":\"https:\/\/opte.io\/about\/work-with-us\/\",\"url\":\"https:\/\/opte.io\/about\/work-with-us\/\",\"name\":\"Work With Us &#8212; OPTe Inc\",\"isPartOf\":{\"@id\":\"https:\/\/opte.io\/about\/#website\"},\"datePublished\":\"2017-03-13T09:36:28+00:00\",\"dateModified\":\"2026-01-09T14:09:10+00:00\",\"description\":\"We\u2019re spread out all over the world as a semi-distributed company. Most members work from our team locations in Southeast Asia (KH,VT,TH,RP). Join Us\",\"inLanguage\":\"fr-FR\",\"potentialAction\":[{\"@type\":\"ReadAction\",\"target\":[\"https:\/\/opte.io\/about\/work-with-us\/\"]}]},{\"@type\":\"WebSite\",\"@id\":\"https:\/\/opte.io\/about\/#website\",\"url\":\"https:\/\/opte.io\/about\/\",\"name\":\"OPTe\",\"description\":\"About OPTe\",\"publisher\":{\"@id\":\"https:\/\/opte.io\/about\/#organization\"},\"potentialAction\":[{\"@type\":\"SearchAction\",\"target\":{\"@type\":\"EntryPoint\",\"urlTemplate\":\"https:\/\/opte.io\/about\/?s={search_term_string}\"},\"query-input\":{\"@type\":\"PropertyValueSpecification\",\"valueRequired\":true,\"valueName\":\"search_term_string\"}}],\"inLanguage\":\"fr-FR\"},{\"@type\":\"Organization\",\"@id\":\"https:\/\/opte.io\/about\/#organization\",\"name\":\"OPTe Inc\",\"url\":\"https:\/\/opte.io\/about\/\",\"logo\":{\"@type\":\"ImageObject\",\"inLanguage\":\"fr-FR\",\"@id\":\"https:\/\/opte.io\/about\/#\/schema\/logo\/image\/\",\"url\":\"https:\/\/opte.io\/about\/wp-content\/uploads\/sites\/3158\/2024\/06\/OPTe_icon_512.png\",\"contentUrl\":\"https:\/\/opte.io\/about\/wp-content\/uploads\/sites\/3158\/2024\/06\/OPTe_icon_512.png\",\"width\":512,\"height\":512,\"caption\":\"OPTe Inc\"},\"image\":{\"@id\":\"https:\/\/opte.io\/about\/#\/schema\/logo\/image\/\"},\"sameAs\":[\"https:\/\/web.facebook.com\/OPTe.Inc\",\"https:\/\/x.com\/_OPTe\",\"https:\/\/www.linkedin.com\/company\/opte\",\"https:\/\/www.instagram.com\/opte_\/\"],\"description\":\"OPTe Inc. is an American global distributed company which was founded by Michael Love in April 2016 and is most notable for the first AI-powered WordPress Platform as an alternative to standalone. OPTe provides a comprehensive platform that empowers users to create customized websites built-with WordPress, establishing a strong online presence. For those looking to sell products, OPTe offers tools to launch and grow successful WooCommerce stores. OPTe's AI-powered marketing tools automate and optimize tasks such as ad creation, website management, and content development, freeing users to focus on core business needs.\",\"foundingDate\":\"2016-04-02\",\"numberOfEmployees\":{\"@type\":\"QuantitativeValue\",\"minValue\":\"1\",\"maxValue\":\"10\"},\"ethicsPolicy\":\"https:\/\/opte.io\/about\/\",\"diversityStaffingReport\":\"https:\/\/opte.io\/about\/work-with-us\/\"}]}<\/script>\n<!-- \/ Yoast SEO Premium plugin. -->","yoast_head_json":{"title":"Work With Us &#8212; OPTe Inc","description":"We\u2019re spread out all over the world as a semi-distributed company. Most members work from our team locations in Southeast Asia (KH,VT,TH,RP). Join Us","robots":{"index":"index","follow":"follow","max-snippet":"max-snippet:-1","max-image-preview":"max-image-preview:large","max-video-preview":"max-video-preview:-1"},"canonical":"https:\/\/opte.io\/about\/fr\/work-with-us\/","og_locale":"fr_FR","og_type":"article","og_title":"Work With Us &#8212; OPTe Inc","og_description":"We\u2019re spread out all over the world as a semi-distributed company. Most members work from our team locations in Southeast Asia (KH,VT,TH,RP). Join Us","og_url":"https:\/\/opte.io\/about\/fr\/work-with-us\/","og_site_name":"OPTe","article_publisher":"https:\/\/web.facebook.com\/OPTe.Inc","article_modified_time":"2026-01-09T14:09:10+00:00","og_image":[{"width":512,"height":512,"url":"https:\/\/opte.io\/about\/wp-content\/uploads\/sites\/3158\/2024\/06\/cropped-OPTe_icon_512.png","type":"image\/png"}],"twitter_card":"summary_large_image","twitter_site":"@_OPTe","schema":{"@context":"https:\/\/schema.org","@graph":[{"@type":"WebPage","@id":"https:\/\/opte.io\/about\/work-with-us\/","url":"https:\/\/opte.io\/about\/work-with-us\/","name":"Work With Us &#8212; OPTe Inc","isPartOf":{"@id":"https:\/\/opte.io\/about\/#website"},"datePublished":"2017-03-13T09:36:28+00:00","dateModified":"2026-01-09T14:09:10+00:00","description":"We\u2019re spread out all over the world as a semi-distributed company. Most members work from our team locations in Southeast Asia (KH,VT,TH,RP). Join Us","inLanguage":"fr-FR","potentialAction":[{"@type":"ReadAction","target":["https:\/\/opte.io\/about\/work-with-us\/"]}]},{"@type":"WebSite","@id":"https:\/\/opte.io\/about\/#website","url":"https:\/\/opte.io\/about\/","name":"OPTe","description":"About OPTe","publisher":{"@id":"https:\/\/opte.io\/about\/#organization"},"potentialAction":[{"@type":"SearchAction","target":{"@type":"EntryPoint","urlTemplate":"https:\/\/opte.io\/about\/?s={search_term_string}"},"query-input":{"@type":"PropertyValueSpecification","valueRequired":true,"valueName":"search_term_string"}}],"inLanguage":"fr-FR"},{"@type":"Organization","@id":"https:\/\/opte.io\/about\/#organization","name":"OPTe Inc","url":"https:\/\/opte.io\/about\/","logo":{"@type":"ImageObject","inLanguage":"fr-FR","@id":"https:\/\/opte.io\/about\/#\/schema\/logo\/image\/","url":"https:\/\/opte.io\/about\/wp-content\/uploads\/sites\/3158\/2024\/06\/OPTe_icon_512.png","contentUrl":"https:\/\/opte.io\/about\/wp-content\/uploads\/sites\/3158\/2024\/06\/OPTe_icon_512.png","width":512,"height":512,"caption":"OPTe Inc"},"image":{"@id":"https:\/\/opte.io\/about\/#\/schema\/logo\/image\/"},"sameAs":["https:\/\/web.facebook.com\/OPTe.Inc","https:\/\/x.com\/_OPTe","https:\/\/www.linkedin.com\/company\/opte","https:\/\/www.instagram.com\/opte_\/"],"description":"OPTe Inc. is an American global distributed company which was founded by Michael Love in April 2016 and is most notable for the first AI-powered WordPress Platform as an alternative to standalone. OPTe provides a comprehensive platform that empowers users to create customized websites built-with WordPress, establishing a strong online presence. For those looking to sell products, OPTe offers tools to launch and grow successful WooCommerce stores. OPTe's AI-powered marketing tools automate and optimize tasks such as ad creation, website management, and content development, freeing users to focus on core business needs.","foundingDate":"2016-04-02","numberOfEmployees":{"@type":"QuantitativeValue","minValue":"1","maxValue":"10"},"ethicsPolicy":"https:\/\/opte.io\/about\/","diversityStaffingReport":"https:\/\/opte.io\/about\/work-with-us\/"}]}},"_links":{"self":[{"href":"https:\/\/opte.io\/about\/fr\/wp-json\/wp\/v2\/pages\/56","targetHints":{"allow":["GET"]}}],"collection":[{"href":"https:\/\/opte.io\/about\/fr\/wp-json\/wp\/v2\/pages"}],"about":[{"href":"https:\/\/opte.io\/about\/fr\/wp-json\/wp\/v2\/types\/page"}],"author":[{"embeddable":true,"href":"https:\/\/opte.io\/about\/fr\/wp-json\/wp\/v2\/users\/1"}],"replies":[{"embeddable":true,"href":"https:\/\/opte.io\/about\/fr\/wp-json\/wp\/v2\/comments?post=56"}],"version-history":[{"count":0,"href":"https:\/\/opte.io\/about\/fr\/wp-json\/wp\/v2\/pages\/56\/revisions"}],"wp:attachment":[{"href":"https:\/\/opte.io\/about\/fr\/wp-json\/wp\/v2\/media?parent=56"}],"curies":[{"name":"wp","href":"https:\/\/api.w.org\/{rel}","templated":true}]}}